{"id":9,"date":"2022-04-26T07:56:02","date_gmt":"2022-04-26T07:56:02","guid":{"rendered":"https:\/\/nexumadvies.nl\/?page_id=9"},"modified":"2022-04-26T08:44:15","modified_gmt":"2022-04-26T08:44:15","slug":"home","status":"publish","type":"page","link":"https:\/\/www.nexumadvies.nl\/","title":{"rendered":"NEXUM"},"content":{"rendered":"\n<p>Overzicht en structuur die voor je werkt. Iedereen wil het, niet iedereen heeft het. Soms volstaat een simpel excelletje, in andere gevallen is het nodig systemen en werkprocessen in te richten. En belangrijker nog: zorgen dat dit (goed) wordt gebruikt! <\/p>\n\n\n\n<p>Met regelmaat gaat het mis in deze laatste stap. Dan blijkt dat de gebruiker niet\/moeilijk uit de voeten kan met het systeem en werkproces. De oorzaak ligt vaak in het onderbelichten van de \u2018mens-kant\u2019 in het ontwikkelproces waardoor de oplossing niet aansluit op de werkelijkheid. Veel inspanning zonder het gewenste resultaat.<\/p>\n\n\n\n<h2>Wat biedt NEXUM?<\/h2>\n\n\n\n<p>NEXUM werkt op het snijvlak van mens, werkproces en systeem. Ik start vanuit \u2018verbinding maken\u2019 met de opdrachtgever en\/of projectmanager. Deze relatie vormt de basis om de (achterliggende) zorgen en behoeften \u00e9cht in beeld te hebben. In dat proces analyseer ik systematisch om oorzaken en symptomen van elkaar te scheiden. Vanuit dat perspectief werk ik in samenspraak met het team\/organisatie toe naar een oplossing die werkt voor &nbsp;de gebruiker \u00e9n voor de manager. Zo cre\u00eber ik structuur en overzicht. Een ontwikkeling in samenhang \u00e9n samenspraak met de gebruiker waarbij de groei van de organisatie het uitgangspunt is.<\/p>\n\n\n\n<figure class=\"wp-block-table is-style-regular\" style=\"font-style:normal;font-weight:100\"><table class=\"has-fixed-layout\"><thead><tr><th>Verbinden<\/th><th>Analyseren<\/th><th>Groeien<\/th><\/tr><\/thead><tbody><tr><td><img loading=\"lazy\" width=\"151\" height=\"151\" class=\"wp-image-30\" style=\"width: 150px;\" src=\"https:\/\/nexumadvies.nl\/wp-content\/uploads\/2022\/04\/Verbinden-klein.png\" alt=\"Verbinden\"><\/td><td><img loading=\"lazy\" width=\"151\" height=\"151\" class=\"wp-image-28\" style=\"width: 150px;\" src=\"https:\/\/nexumadvies.nl\/wp-content\/uploads\/2022\/04\/Analyseren-klein.png\" alt=\"Analyseren\"><\/td><td><img loading=\"lazy\" width=\"151\" height=\"151\" class=\"wp-image-29\" style=\"width: 150px;\" src=\"https:\/\/nexumadvies.nl\/wp-content\/uploads\/2022\/04\/Groei-klein.png\" alt=\"Groei\"><\/td><\/tr><\/tbody><\/table><\/figure>\n","protected":false},"excerpt":{"rendered":"<p>Overzicht en structuur die voor je werkt. Iedereen wil het, niet iedereen heeft het. Soms volstaat een simpel excelletje, in andere gevallen is het nodig systemen en werkprocessen in te richten. En belangrijker nog: zorgen dat dit (goed) wordt gebruikt! Met regelmaat gaat het mis in deze laatste stap. Dan blijkt dat de gebruiker niet\/moeilijk [&hellip;]<\/p>\n","protected":false},"author":1,"featured_media":0,"parent":0,"menu_order":0,"comment_status":"closed","ping_status":"closed","template":"templates\/template-full-width.php","meta":[],"_links":{"self":[{"href":"https:\/\/www.nexumadvies.nl\/index.php?rest_route=\/wp\/v2\/pages\/9"}],"collection":[{"href":"https:\/\/www.nexumadvies.nl\/index.php?rest_route=\/wp\/v2\/pages"}],"about":[{"href":"https:\/\/www.nexumadvies.nl\/index.php?rest_route=\/wp\/v2\/types\/page"}],"author":[{"embeddable":true,"href":"https:\/\/www.nexumadvies.nl\/index.php?rest_route=\/wp\/v2\/users\/1"}],"replies":[{"embeddable":true,"href":"https:\/\/www.nexumadvies.nl\/index.php?rest_route=%2Fwp%2Fv2%2Fcomments&post=9"}],"version-history":[{"count":15,"href":"https:\/\/www.nexumadvies.nl\/index.php?rest_route=\/wp\/v2\/pages\/9\/revisions"}],"predecessor-version":[{"id":44,"href":"https:\/\/www.nexumadvies.nl\/index.php?rest_route=\/wp\/v2\/pages\/9\/revisions\/44"}],"wp:attachment":[{"href":"https:\/\/www.nexumadvies.nl\/index.php?rest_route=%2Fwp%2Fv2%2Fmedia&parent=9"}],"curies":[{"name":"wp","href":"https:\/\/api.w.org\/{rel}","templated":true}]}}